{"id":21,"date":"2026-04-13T12:13:07","date_gmt":"2026-04-13T12:13:07","guid":{"rendered":"https:\/\/www.rothhaupt-elektro.de\/?page_id=21"},"modified":"2026-04-14T15:49:55","modified_gmt":"2026-04-14T15:49:55","slug":"service","status":"publish","type":"page","link":"https:\/\/www.rothhaupt-elektro.de\/index.php\/service\/","title":{"rendered":"Service"},"content":{"rendered":"<p>[et_pb_section fb_built=&#8220;1&#8243; _builder_version=&#8220;4.27.6&#8243; _module_preset=&#8220;default&#8220; background_color=&#8220;#ffd600&#8243; background_image=&#8220;https:\/\/www.rothhaupt-elektro.de\/wp-content\/uploads\/2026\/03\/electric-services-47-1.png&#8220; global_colors_info=&#8220;{}&#8220; custom_padding=&#8220;||0px|||&#8220;][et_pb_row column_structure=&#8220;3_5,2_5&#8243; _builder_version=&#8220;4.27.6&#8243; _module_preset=&#8220;default&#8220; global_colors_info=&#8220;{}&#8220;][et_pb_column type=&#8220;3_5&#8243; _builder_version=&#8220;4.27.6&#8243; _module_preset=&#8220;default&#8220; global_colors_info=&#8220;{}&#8220;][et_pb_text _builder_version=&#8220;4.27.6&#8243; _module_preset=&#8220;default&#8220; text_font_size=&#8220;24px&#8220; text_line_height=&#8220;2em&#8220; header_font=&#8220;|700|||||||&#8220; header_font_size=&#8220;76px&#8220; global_colors_info=&#8220;{}&#8220;]<\/p>\n<h1>Service<\/h1>\n<p>&nbsp;<\/p>\n<p>[\/et_pb_text][\/et_pb_column][et_pb_column type=&#8220;2_5&#8243; _builder_version=&#8220;4.27.6&#8243; _module_preset=&#8220;default&#8220; global_colors_info=&#8220;{}&#8220;][et_pb_text _builder_version=&#8220;4.27.6&#8243; _module_preset=&#8220;default&#8220; global_colors_info=&#8220;{}&#8220;]<\/p>\n<p><strong>\u00d6ffnungszeiten<\/strong><\/p>\n<p><span>Mo. &#8211; Fr.\u00a0\u00a0 08:00 &#8211; 12:30 Uhr<\/span><br \/><span>Mo. &#8211; Do. 13:30 &#8211; 17:00 Uhr<\/span><br \/><span>Fr.\u00a0\u00a0\u00a0\u00a0\u00a0\u00a0\u00a0\u00a0\u00a0\u00a0\u00a0\u00a0 13:30\u00a0&#8211; 16:00 Uhr<\/span><\/p>\n<p>[\/et_pb_text][\/et_pb_column][\/et_pb_row][et_pb_row _builder_version=&#8220;4.27.6&#8243; _module_preset=&#8220;default&#8220; global_colors_info=&#8220;{}&#8220;][et_pb_column type=&#8220;4_4&#8243; _builder_version=&#8220;4.27.6&#8243; _module_preset=&#8220;default&#8220; global_colors_info=&#8220;{}&#8220;][et_pb_text _builder_version=&#8220;4.27.6&#8243; _module_preset=&#8220;default&#8220; global_colors_info=&#8220;{}&#8220;]<\/p>\n<ul>\n<li>Sofortige Kommissionierung von Bestellungen per Telefon, Fax<br \/>oder Email zur direkten Abholung in unseren Verkaufsr\u00e4umen<\/li>\n<li>Schalter-Hersteller Merten auf Lager, mit tiefem <br \/>Sortiment verf\u00fcgbar<\/li>\n<li>Auf Wunsch direkte Anlieferung<\/li>\n<li>Keine langen Wartezeiten<\/li>\n<li>pers\u00f6nliche Erreichbarkeit unserer Mitarbeiter, <br \/>keine Durchwahlnummern notwendig<\/li>\n<li>Keine Artikel-Nummern-Suche oder -Vorauswahl durch<br \/>den Kunden notwendig<\/li>\n<li>Kurzfristige Bezugsm\u00f6glichkeiten von Bestell-Artikeln,<br \/>gegen Aufpreis per Express direkt ab Hersteller<\/li>\n<li>Email-Bestellservice f\u00fcr Leuchtmittel per Foto unter<br \/>Angabe der techn. Daten<\/li>\n<\/ul>\n<p>[\/et_pb_text][\/et_pb_column][\/et_pb_row][et_pb_row column_structure=&#8220;1_6,1_6,1_6,1_6,1_6,1_6&#8243; make_equal=&#8220;on&#8220; _builder_version=&#8220;4.27.6&#8243; _module_preset=&#8220;default&#8220; background_color=&#8220;#FFFFFF&#8220; width=&#8220;100%&#8220; max_width=&#8220;100%&#8220; custom_margin=&#8220;60px||||false|false&#8220; custom_css_free_form=&#8220;img {padding-left:22px;}&#8220; saved_tabs=&#8220;all&#8220; global_colors_info=&#8220;{}&#8220; global_module=&#8220;134&#8243; theme_builder_area=&#8220;post_content&#8220;][et_pb_column type=&#8220;1_6&#8243; _builder_version=&#8220;4.27.6&#8243; _module_preset=&#8220;default&#8220; global_colors_info=&#8220;{}&#8220; theme_builder_area=&#8220;post_content&#8220;][et_pb_image src=&#8220;https:\/\/www.rothhaupt-elektro.de\/wp-content\/uploads\/2026\/04\/abb.jpg&#8220; title_text=&#8220;abb&#8220; _builder_version=&#8220;4.27.6&#8243; _module_preset=&#8220;default&#8220; global_colors_info=&#8220;{}&#8220; theme_builder_area=&#8220;post_content&#8220;][\/et_pb_image][\/et_pb_column][et_pb_column type=&#8220;1_6&#8243; _builder_version=&#8220;4.27.6&#8243; _module_preset=&#8220;default&#8220; global_colors_info=&#8220;{}&#8220; theme_builder_area=&#8220;post_content&#8220;][et_pb_image src=&#8220;https:\/\/www.rothhaupt-elektro.de\/wp-content\/uploads\/2026\/04\/osram.gif&#8220; title_text=&#8220;osram&#8220; _builder_version=&#8220;4.27.6&#8243; _module_preset=&#8220;default&#8220; global_colors_info=&#8220;{}&#8220; theme_builder_area=&#8220;post_content&#8220;][\/et_pb_image][\/et_pb_column][et_pb_column type=&#8220;1_6&#8243; _builder_version=&#8220;4.27.6&#8243; _module_preset=&#8220;default&#8220; global_colors_info=&#8220;{}&#8220; theme_builder_area=&#8220;post_content&#8220;][et_pb_image src=&#8220;https:\/\/www.rothhaupt-elektro.de\/wp-content\/uploads\/2026\/04\/siedle.gif&#8220; title_text=&#8220;siedle&#8220; _builder_version=&#8220;4.27.6&#8243; _module_preset=&#8220;default&#8220; global_colors_info=&#8220;{}&#8220; theme_builder_area=&#8220;post_content&#8220;][\/et_pb_image][\/et_pb_column][et_pb_column type=&#8220;1_6&#8243; _builder_version=&#8220;4.27.6&#8243; _module_preset=&#8220;default&#8220; global_colors_info=&#8220;{}&#8220; theme_builder_area=&#8220;post_content&#8220;][et_pb_image src=&#8220;https:\/\/www.rothhaupt-elektro.de\/wp-content\/uploads\/2026\/04\/hager.gif&#8220; title_text=&#8220;hager&#8220; _builder_version=&#8220;4.27.6&#8243; _module_preset=&#8220;default&#8220; global_colors_info=&#8220;{}&#8220; theme_builder_area=&#8220;post_content&#8220;][\/et_pb_image][\/et_pb_column][et_pb_column type=&#8220;1_6&#8243; _builder_version=&#8220;4.27.6&#8243; _module_preset=&#8220;default&#8220; global_colors_info=&#8220;{}&#8220; theme_builder_area=&#8220;post_content&#8220;][et_pb_image src=&#8220;https:\/\/www.rothhaupt-elektro.de\/wp-content\/uploads\/2026\/04\/bosch.jpg&#8220; title_text=&#8220;bosch&#8220; _builder_version=&#8220;4.27.6&#8243; _module_preset=&#8220;default&#8220; global_colors_info=&#8220;{}&#8220; theme_builder_area=&#8220;post_content&#8220;][\/et_pb_image][\/et_pb_column][et_pb_column type=&#8220;1_6&#8243; _builder_version=&#8220;4.27.6&#8243; _module_preset=&#8220;default&#8220; global_colors_info=&#8220;{}&#8220; theme_builder_area=&#8220;post_content&#8220;][et_pb_image src=&#8220;https:\/\/www.rothhaupt-elektro.de\/wp-content\/uploads\/2026\/04\/merten.gif&#8220; title_text=&#8220;merten&#8220; _builder_version=&#8220;4.27.6&#8243; _module_preset=&#8220;default&#8220; global_colors_info=&#8220;{}&#8220; theme_builder_area=&#8220;post_content&#8220;][\/et_pb_image][\/et_pb_column][\/et_pb_row][\/et_pb_section]<\/p>\n","protected":false},"excerpt":{"rendered":"<p>Service &nbsp;\u00d6ffnungszeiten Mo. &#8211; Fr.\u00a0\u00a0 08:00 &#8211; 12:30 UhrMo. &#8211; Do. 13:30 &#8211; 17:00 UhrFr.\u00a0\u00a0\u00a0\u00a0\u00a0\u00a0\u00a0\u00a0\u00a0\u00a0\u00a0\u00a0 13:30\u00a0&#8211; 16:00 Uhr Sofortige Kommissionierung von Bestellungen per Telefon, Faxoder Email zur direkten Abholung in unseren Verkaufsr\u00e4umen Schalter-Hersteller Merten auf Lager, mit tiefem Sortiment verf\u00fcgbar Auf Wunsch direkte Anlieferung Keine langen Wartezeiten pers\u00f6nliche Erreichbarkeit unserer Mitarbeiter, keine Durchwahlnummern notwendig Keine [&hellip;]<\/p>\n","protected":false},"author":1,"featured_media":0,"parent":0,"menu_order":0,"comment_status":"closed","ping_status":"closed","template":"","meta":{"_et_pb_use_builder":"on","_et_pb_old_content":"<!-- wp:divi\/placeholder \/-->","_et_gb_content_width":"","footnotes":""},"class_list":["post-21","page","type-page","status-publish","hentry"],"_links":{"self":[{"href":"https:\/\/www.rothhaupt-elektro.de\/index.php\/wp-json\/wp\/v2\/pages\/21","targetHints":{"allow":["GET"]}}],"collection":[{"href":"https:\/\/www.rothhaupt-elektro.de\/index.php\/wp-json\/wp\/v2\/pages"}],"about":[{"href":"https:\/\/www.rothhaupt-elektro.de\/index.php\/wp-json\/wp\/v2\/types\/page"}],"author":[{"embeddable":true,"href":"https:\/\/www.rothhaupt-elektro.de\/index.php\/wp-json\/wp\/v2\/users\/1"}],"replies":[{"embeddable":true,"href":"https:\/\/www.rothhaupt-elektro.de\/index.php\/wp-json\/wp\/v2\/comments?post=21"}],"version-history":[{"count":5,"href":"https:\/\/www.rothhaupt-elektro.de\/index.php\/wp-json\/wp\/v2\/pages\/21\/revisions"}],"predecessor-version":[{"id":142,"href":"https:\/\/www.rothhaupt-elektro.de\/index.php\/wp-json\/wp\/v2\/pages\/21\/revisions\/142"}],"wp:attachment":[{"href":"https:\/\/www.rothhaupt-elektro.de\/index.php\/wp-json\/wp\/v2\/media?parent=21"}],"curies":[{"name":"wp","href":"https:\/\/api.w.org\/{rel}","templated":true}]}}